{"id":18154,"date":"2022-10-26T08:37:36","date_gmt":"2022-10-26T11:37:36","guid":{"rendered":"http:\/\/eabh.com.br\/ways-to-give\/"},"modified":"2025-10-09T15:34:09","modified_gmt":"2025-10-09T18:34:09","slug":"ways-to-give","status":"publish","type":"page","link":"https:\/\/eabh.com.br\/en\/ways-to-give\/","title":{"rendered":"Ways to Give"},"content":{"rendered":"\t\t<div data-elementor-type=\"wp-page\" data-elementor-id=\"18154\" class=\"elementor elementor-18154 elementor-7014\" data-elementor-post-type=\"page\">\n\t\t\t\t<div class=\"elementor-element elementor-element-7e1d1d3 e-con-full e-flex e-con e-parent\" data-id=\"7e1d1d3\" data-element_type=\"container\" data-e-type=\"container\">\n\t\t\t\t<div class=\"elementor-element elementor-element-940aa5f elementor-widget elementor-widget-text-editor\" data-id=\"940aa5f\" data-element_type=\"widget\" data-e-type=\"widget\" data-widget_type=\"text-editor.default\">\n\t\t\t\t<div class=\"elementor-widget-container\">\n\t\t\t\t\t\t\t\t\t<p><span style=\"font-weight: 400;\">Below are the steps and different payment methods you can use to make a donation to EABH Future Program:<\/span><\/p><ol><li style=\"font-weight: 400;\" aria-level=\"1\"><b>First:<\/b><span style=\"font-weight: 400;\"> Choose the payment method that is best for you and follow the instructions accordingly to make your donation.<\/span><\/li><li style=\"font-weight: 400;\" aria-level=\"1\"><b>Second<\/b><span style=\"font-weight: 400;\">: Please send an email to <\/span><a href=\"mailto:eabhfuture@eabh.com.br\"><span style=\"font-weight: 400;\">eabhfuture@eabh.com.br<\/span><\/a><span style=\"font-weight: 400;\"> with a receipt of your contribution.<\/span><\/li><li style=\"font-weight: 400;\" aria-level=\"1\"><b>Third<\/b><span style=\"font-weight: 400;\">: As soon as we identify your donation, we will get in touch to confirm and recognize your donation.<\/span><\/li><li style=\"font-weight: 400;\" aria-level=\"1\"><span style=\"font-weight: 400;\">If your donation is above R$50.000, a Gift Agreement will need to be signed electronically.<\/span><\/li><li style=\"font-weight: 400;\" aria-level=\"1\"><span style=\"font-weight: 400;\">If you would like to make a recurrent donation, you can set it up through Paypal or get in touch with our Development Officer to establish a monthly donation plan.<\/span><\/li><li style=\"font-weight: 400;\" aria-level=\"1\"><span style=\"font-weight: 400;\">For donors using an international credit card or account, please use Paypal (in dollars) and Wire transfer options to make your donation.<\/span><\/li><li style=\"font-weight: 400;\" aria-level=\"1\"><span style=\"font-weight: 400;\">If you are unsure how to proceed, please fill out a pledge form by clicking <\/span><a href=\"https:\/\/docs.google.com\/forms\/d\/e\/1FAIpQLScX9QiAv6jI9KxYVdK8A-u610BkZC1_J23iAfIuqaGysvwZog\/viewform?usp=sf_link\"><span style=\"font-weight: 400;\">here<\/span><\/a><span style=\"font-weight: 400;\"> and we will get in touch to set up your donation.<\/span><\/li><\/ol>\t\t\t\t\t\t\t\t<\/div>\n\t\t\t\t<\/div>\n\t\t\t\t<div class=\"elementor-element elementor-element-54e9323 elementor-widget elementor-widget-n-accordion\" data-id=\"54e9323\" data-element_type=\"widget\" data-e-type=\"widget\" data-settings=\"{&quot;default_state&quot;:&quot;all_collapsed&quot;,&quot;max_items_expended&quot;:&quot;one&quot;,&quot;n_accordion_animation_duration&quot;:{&quot;unit&quot;:&quot;ms&quot;,&quot;size&quot;:400,&quot;sizes&quot;:[]}}\" data-widget_type=\"nested-accordion.default\">\n\t\t\t\t<div class=\"elementor-widget-container\">\n\t\t\t\t\t\t\t<div class=\"e-n-accordion\" aria-label=\"Accordion. Open links with Enter or Space, close with Escape, and navigate with Arrow Keys\">\n\t\t\t\t\t\t<details id=\"e-n-accordion-item-8900\" class=\"e-n-accordion-item\" >\n\t\t\t\t<summary class=\"e-n-accordion-item-title\" data-accordion-index=\"1\" tabindex=\"0\" aria-expanded=\"false\" aria-controls=\"e-n-accordion-item-8900\" >\n\t\t\t\t\t<span class='e-n-accordion-item-title-header'><div class=\"e-n-accordion-item-title-text\"> PAYPAL <\/div><\/span>\n\t\t\t\t\t\t\t<span class='e-n-accordion-item-title-icon'>\n\t\t\t<span class='e-opened' ><i aria-hidden=\"true\" class=\"fas fa-minus\"><\/i><\/span>\n\t\t\t<span class='e-closed'><i aria-hidden=\"true\" class=\"fas fa-plus\"><\/i><\/span>\n\t\t<\/span>\n\n\t\t\t\t\t\t<\/summary>\n\t\t\t\t<div role=\"region\" aria-labelledby=\"e-n-accordion-item-8900\" class=\"elementor-element elementor-element-75bec79 e-con-full e-flex e-con e-child\" data-id=\"75bec79\" data-element_type=\"container\" data-e-type=\"container\">\n\t\t\t\t<div class=\"elementor-element elementor-element-2170529 elementor-widget elementor-widget-text-editor\" data-id=\"2170529\" data-element_type=\"widget\" data-e-type=\"widget\" data-widget_type=\"text-editor.default\">\n\t\t\t\t<div class=\"elementor-widget-container\">\n\t\t\t\t\t\t\t\t\t<p>Donate with PayPal button<\/p>\t\t\t\t\t\t\t\t<\/div>\n\t\t\t\t<\/div>\n\t\t\t\t<div class=\"elementor-element elementor-element-36ce9bd elementor-widget elementor-widget-image\" data-id=\"36ce9bd\" data-element_type=\"widget\" data-e-type=\"widget\" data-widget_type=\"image.default\">\n\t\t\t\t<div class=\"elementor-widget-container\">\n\t\t\t\t\t\t\t\t\t\t\t\t\t\t\t\t<a href=\"https:\/\/www.paypal.com\/donate?hosted_button_id=AB4G38BBLMBX6\" target=\"_blank\">\n\t\t\t\t\t\t\t<img decoding=\"async\" width=\"352\" height=\"58\" src=\"https:\/\/eabh.com.br\/wp-content\/uploads\/2022\/10\/btn2.png\" class=\"attachment-full size-full wp-image-6974\" alt=\"\" srcset=\"https:\/\/eabh.com.br\/wp-content\/uploads\/2022\/10\/btn2.png 352w, https:\/\/eabh.com.br\/wp-content\/uploads\/2022\/10\/btn2-300x49.png 300w, https:\/\/eabh.com.br\/wp-content\/uploads\/2022\/10\/btn2-150x25.png 150w\" sizes=\"(max-width: 352px) 100vw, 352px\" \/>\t\t\t\t\t\t\t\t<\/a>\n\t\t\t\t\t\t\t\t\t\t\t\t\t\t\t<\/div>\n\t\t\t\t<\/div>\n\t\t\t\t<\/div>\n\t\t\t\t\t<\/details>\n\t\t\t\t\t\t<details id=\"e-n-accordion-item-8901\" class=\"e-n-accordion-item\" >\n\t\t\t\t<summary class=\"e-n-accordion-item-title\" data-accordion-index=\"2\" tabindex=\"-1\" aria-expanded=\"false\" aria-controls=\"e-n-accordion-item-8901\" >\n\t\t\t\t\t<span class='e-n-accordion-item-title-header'><div class=\"e-n-accordion-item-title-text\"> PIX <\/div><\/span>\n\t\t\t\t\t\t\t<span class='e-n-accordion-item-title-icon'>\n\t\t\t<span class='e-opened' ><i aria-hidden=\"true\" class=\"fas fa-minus\"><\/i><\/span>\n\t\t\t<span class='e-closed'><i aria-hidden=\"true\" class=\"fas fa-plus\"><\/i><\/span>\n\t\t<\/span>\n\n\t\t\t\t\t\t<\/summary>\n\t\t\t\t<div role=\"region\" aria-labelledby=\"e-n-accordion-item-8901\" class=\"elementor-element elementor-element-e98cdd9 e-con-full e-flex e-con e-child\" data-id=\"e98cdd9\" data-element_type=\"container\" data-e-type=\"container\">\n\t\t\t\t<div class=\"elementor-element elementor-element-bda7176 elementor-widget elementor-widget-text-editor\" data-id=\"bda7176\" data-element_type=\"widget\" data-e-type=\"widget\" data-widget_type=\"text-editor.default\">\n\t\t\t\t<div class=\"elementor-widget-container\">\n\t\t\t\t\t\t\t\t\t<p>Pix Key: eabhfuture@eabh.com.br<\/p>\t\t\t\t\t\t\t\t<\/div>\n\t\t\t\t<\/div>\n\t\t\t\t<div class=\"elementor-element elementor-element-b7185dc elementor-widget elementor-widget-image\" data-id=\"b7185dc\" data-element_type=\"widget\" data-e-type=\"widget\" data-widget_type=\"image.default\">\n\t\t\t\t<div class=\"elementor-widget-container\">\n\t\t\t\t\t\t\t\t\t\t\t\t\t\t\t<img decoding=\"async\" width=\"150\" height=\"150\" src=\"https:\/\/eabh.com.br\/wp-content\/uploads\/2025\/09\/Qr-Code-Pix--150x150.jpg\" class=\"attachment-thumbnail size-thumbnail wp-image-23285\" alt=\"\" srcset=\"https:\/\/eabh.com.br\/wp-content\/uploads\/2025\/09\/Qr-Code-Pix--150x150.jpg 150w, https:\/\/eabh.com.br\/wp-content\/uploads\/2025\/09\/Qr-Code-Pix--300x297.jpg 300w, https:\/\/eabh.com.br\/wp-content\/uploads\/2025\/09\/Qr-Code-Pix-.jpg 313w\" sizes=\"(max-width: 150px) 100vw, 150px\" \/>\t\t\t\t\t\t\t\t\t\t\t\t\t\t\t<\/div>\n\t\t\t\t<\/div>\n\t\t\t\t<\/div>\n\t\t\t\t\t<\/details>\n\t\t\t\t\t\t<details id=\"e-n-accordion-item-8902\" class=\"e-n-accordion-item\" >\n\t\t\t\t<summary class=\"e-n-accordion-item-title\" data-accordion-index=\"3\" tabindex=\"-1\" aria-expanded=\"false\" aria-controls=\"e-n-accordion-item-8902\" >\n\t\t\t\t\t<span class='e-n-accordion-item-title-header'><div class=\"e-n-accordion-item-title-text\"> DEBIT AND CREDIT CARD MACHINE <\/div><\/span>\n\t\t\t\t\t\t\t<span class='e-n-accordion-item-title-icon'>\n\t\t\t<span class='e-opened' ><i aria-hidden=\"true\" class=\"fas fa-minus\"><\/i><\/span>\n\t\t\t<span class='e-closed'><i aria-hidden=\"true\" class=\"fas fa-plus\"><\/i><\/span>\n\t\t<\/span>\n\n\t\t\t\t\t\t<\/summary>\n\t\t\t\t<div role=\"region\" aria-labelledby=\"e-n-accordion-item-8902\" class=\"elementor-element elementor-element-06b4c13 e-con-full e-flex e-con e-child\" data-id=\"06b4c13\" data-element_type=\"container\" data-e-type=\"container\">\n\t\t\t\t<div class=\"elementor-element elementor-element-f81888e elementor-widget elementor-widget-text-editor\" data-id=\"f81888e\" data-element_type=\"widget\" data-e-type=\"widget\" data-widget_type=\"text-editor.default\">\n\t\t\t\t<div class=\"elementor-widget-container\">\n\t\t\t\t\t\t\t\t\t<p>Debit and Credit Card Instructions:<\/p><ul><li>Please stop by the Development Office at any time in order to process your gift through our credit\/debit machine.<\/li><li>Our credit\/debit card machine accepts the following cards:<\/li><\/ul>\t\t\t\t\t\t\t\t<\/div>\n\t\t\t\t<\/div>\n\t\t\t\t<div class=\"elementor-element elementor-element-c5b257a elementor-widget elementor-widget-image\" data-id=\"c5b257a\" data-element_type=\"widget\" data-e-type=\"widget\" data-widget_type=\"image.default\">\n\t\t\t\t<div class=\"elementor-widget-container\">\n\t\t\t\t\t\t\t\t\t\t\t\t\t\t\t<img decoding=\"async\" width=\"704\" height=\"36\" src=\"https:\/\/eabh.com.br\/wp-content\/uploads\/2022\/10\/Grupo-237.png\" class=\"attachment-full size-full wp-image-7015\" alt=\"\" srcset=\"https:\/\/eabh.com.br\/wp-content\/uploads\/2022\/10\/Grupo-237.png 704w, https:\/\/eabh.com.br\/wp-content\/uploads\/2022\/10\/Grupo-237-300x15.png 300w, https:\/\/eabh.com.br\/wp-content\/uploads\/2022\/10\/Grupo-237-150x8.png 150w, https:\/\/eabh.com.br\/wp-content\/uploads\/2022\/10\/Grupo-237-700x36.png 700w\" sizes=\"(max-width: 704px) 100vw, 704px\" \/>\t\t\t\t\t\t\t\t\t\t\t\t\t\t\t<\/div>\n\t\t\t\t<\/div>\n\t\t\t\t<\/div>\n\t\t\t\t\t<\/details>\n\t\t\t\t\t\t<details id=\"e-n-accordion-item-8903\" class=\"e-n-accordion-item\" >\n\t\t\t\t<summary class=\"e-n-accordion-item-title\" data-accordion-index=\"4\" tabindex=\"-1\" aria-expanded=\"false\" aria-controls=\"e-n-accordion-item-8903\" >\n\t\t\t\t\t<span class='e-n-accordion-item-title-header'><div class=\"e-n-accordion-item-title-text\"> BANK TRANSFER <\/div><\/span>\n\t\t\t\t\t\t\t<span class='e-n-accordion-item-title-icon'>\n\t\t\t<span class='e-opened' ><i aria-hidden=\"true\" class=\"fas fa-minus\"><\/i><\/span>\n\t\t\t<span class='e-closed'><i aria-hidden=\"true\" class=\"fas fa-plus\"><\/i><\/span>\n\t\t<\/span>\n\n\t\t\t\t\t\t<\/summary>\n\t\t\t\t<div role=\"region\" aria-labelledby=\"e-n-accordion-item-8903\" class=\"elementor-element elementor-element-2201900 e-flex e-con-boxed e-con e-child\" data-id=\"2201900\" data-element_type=\"container\" data-e-type=\"container\">\n\t\t\t\t\t<div class=\"e-con-inner\">\n\t\t\t\t<div class=\"elementor-element elementor-element-919460c elementor-widget elementor-widget-text-editor\" data-id=\"919460c\" data-element_type=\"widget\" data-e-type=\"widget\" data-widget_type=\"text-editor.default\">\n\t\t\t\t<div class=\"elementor-widget-container\">\n\t\t\t\t\t\t\t\t\t<p>Bank Transfer instructions: When making a bank transfer, please send an email to eabhfuture@eabh.com.br with the transfer receipt and fund\/campaign allocation choice.<\/p><p><strong>Bank Transfer Information:<\/strong><\/p><p>Nome da Empresa: Associa\u00e7\u00e3o Internacional de Educa\u00e7\u00e3o de Belo Horizonte<br \/>CNPJ: 17.445.321\/0001-00<br \/>Banco: Ita\u00fa (341)<br \/>Conta: 31670-0<br \/>Ag\u00eancia: 4450 \u2013 Buritis<\/p>\t\t\t\t\t\t\t\t<\/div>\n\t\t\t\t<\/div>\n\t\t\t\t\t<\/div>\n\t\t\t\t<\/div>\n\t\t\t\t\t<\/details>\n\t\t\t\t\t\t<details id=\"e-n-accordion-item-8904\" class=\"e-n-accordion-item\" >\n\t\t\t\t<summary class=\"e-n-accordion-item-title\" data-accordion-index=\"5\" tabindex=\"-1\" aria-expanded=\"false\" aria-controls=\"e-n-accordion-item-8904\" >\n\t\t\t\t\t<span class='e-n-accordion-item-title-header'><div class=\"e-n-accordion-item-title-text\"> WIRE TRANSFER <\/div><\/span>\n\t\t\t\t\t\t\t<span class='e-n-accordion-item-title-icon'>\n\t\t\t<span class='e-opened' ><i aria-hidden=\"true\" class=\"fas fa-minus\"><\/i><\/span>\n\t\t\t<span class='e-closed'><i aria-hidden=\"true\" class=\"fas fa-plus\"><\/i><\/span>\n\t\t<\/span>\n\n\t\t\t\t\t\t<\/summary>\n\t\t\t\t<div role=\"region\" aria-labelledby=\"e-n-accordion-item-8904\" class=\"elementor-element elementor-element-0f6cfd4 e-flex e-con-boxed e-con e-child\" data-id=\"0f6cfd4\" data-element_type=\"container\" data-e-type=\"container\">\n\t\t\t\t\t<div class=\"e-con-inner\">\n\t\t\t\t<div class=\"elementor-element elementor-element-5464d69 elementor-widget elementor-widget-text-editor\" data-id=\"5464d69\" data-element_type=\"widget\" data-e-type=\"widget\" data-widget_type=\"text-editor.default\">\n\t\t\t\t<div class=\"elementor-widget-container\">\n\t\t\t\t\t\t\t\t\t<p>Instructions: When making a wire transfer, please send an email to eabhfuture@eabh.com.br with the transfer receipt.<\/p><p>Nome da Empresa: Associa\u00e7\u00e3o Internacional de Educa\u00e7\u00e3o de Belo Horizonte<br \/>CNPJ: 17.445.321\/0001-00<br \/>Banco: Ita\u00fa (341)<br \/>Conta: 31670-0<br \/>Ag\u00eancia: 4450 \u2013 Buritis<br \/>IBAN: BR52 6070 1190 0445 0000 0316 700C 1<br \/>SWIFT: ITAUBRSP<\/p>\t\t\t\t\t\t\t\t<\/div>\n\t\t\t\t<\/div>\n\t\t\t\t\t<\/div>\n\t\t\t\t<\/div>\n\t\t\t\t\t<\/details>\n\t\t\t\t\t\t<details id=\"e-n-accordion-item-8905\" class=\"e-n-accordion-item\" >\n\t\t\t\t<summary class=\"e-n-accordion-item-title\" data-accordion-index=\"6\" tabindex=\"-1\" aria-expanded=\"false\" aria-controls=\"e-n-accordion-item-8905\" >\n\t\t\t\t\t<span class='e-n-accordion-item-title-header'><div class=\"e-n-accordion-item-title-text\"> CHECK <\/div><\/span>\n\t\t\t\t\t\t\t<span class='e-n-accordion-item-title-icon'>\n\t\t\t<span class='e-opened' ><i aria-hidden=\"true\" class=\"fas fa-minus\"><\/i><\/span>\n\t\t\t<span class='e-closed'><i aria-hidden=\"true\" class=\"fas fa-plus\"><\/i><\/span>\n\t\t<\/span>\n\n\t\t\t\t\t\t<\/summary>\n\t\t\t\t<div role=\"region\" aria-labelledby=\"e-n-accordion-item-8905\" class=\"elementor-element elementor-element-53bea99 e-flex e-con-boxed e-con e-child\" data-id=\"53bea99\" data-element_type=\"container\" data-e-type=\"container\">\n\t\t\t\t\t<div class=\"e-con-inner\">\n\t\t\t\t<div class=\"elementor-element elementor-element-7855282 elementor-widget elementor-widget-text-editor\" data-id=\"7855282\" data-element_type=\"widget\" data-e-type=\"widget\" data-widget_type=\"text-editor.default\">\n\t\t\t\t<div class=\"elementor-widget-container\">\n\t\t\t\t\t\t\t\t\t<p>Check instructions:<\/p><ul><li>Make the check out to \u201cAssocia\u00e7\u00e3o Internacional de Educa\u00e7\u00e3o de Belo Horizonte\u201d.<\/li><li>Specify in the back of the check whether your donation is directed to the EABH Annual Fund or EABH Future Campaign.<\/li><\/ul><ul><li>Please stop by the office or mail check to:<\/li><li>EABH \u2013 Escola Americana de Belo Horizonte<\/li><li>Avenida Professor M\u00e1rio Werneck 3301, Buritis, Belo Horizonte, MG, CEP 30575-180<\/li><li>Attention: Joanne Durchfort\/ Development Officer<\/li><\/ul>\t\t\t\t\t\t\t\t<\/div>\n\t\t\t\t<\/div>\n\t\t\t\t\t<\/div>\n\t\t\t\t<\/div>\n\t\t\t\t\t<\/details>\n\t\t\t\t\t<\/div>\n\t\t\t\t\t\t<\/div>\n\t\t\t\t<\/div>\n\t\t\t\t<\/div>\n\t\t\t\t<\/div>\n\t\t","protected":false},"excerpt":{"rendered":"<p>Below are the steps and different payment methods you can use to make a donation to EABH Future Program: First: Choose the payment method that is best for you and follow the instructions accordingly to make your donation. Second: Please send an email to eabhfuture@eabh.com.br with a receipt of your contribution. Third: As soon as [&hellip;]<\/p>\n","protected":false},"author":14,"featured_media":23266,"parent":0,"menu_order":0,"comment_status":"closed","ping_status":"closed","template":"","meta":{"site-sidebar-layout":"default","site-content-layout":"default","ast-site-content-layout":"default","site-content-style":"default","site-sidebar-style":"default","ast-global-header-display":"","ast-banner-title-visibility":"","ast-main-header-display":"","ast-hfb-above-header-display":"","ast-hfb-below-header-display":"","ast-hfb-mobile-header-display":"","site-post-title":"","ast-breadcrumbs-content":"","ast-featured-img":"","footer-sml-layout":"","ast-disable-related-posts":"","theme-transparent-header-meta":"default","adv-header-id-meta":"","stick-header-meta":"","header-above-stick-meta":"","header-main-stick-meta":"","header-below-stick-meta":"","astra-migrate-meta-layouts":"default","ast-page-background-enabled":"default","ast-page-background-meta":{"desktop":{"background-color":"var(--ast-global-color-4)","background-image":"","background-repeat":"repeat","background-position":"center center","background-size":"auto","background-attachment":"scroll","background-type":"","background-media":"","overlay-type":"","overlay-color":"","overlay-opacity":"","overlay-gradient":""},"tablet":{"background-color":"","background-image":"","background-repeat":"repeat","background-position":"center center","background-size":"auto","background-attachment":"scroll","background-type":"","background-media":"","overlay-type":"","overlay-color":"","overlay-opacity":"","overlay-gradient":""},"mobile":{"background-color":"","background-image":"","background-repeat":"repeat","background-position":"center center","background-size":"auto","background-attachment":"scroll","background-type":"","background-media":"","overlay-type":"","overlay-color":"","overlay-opacity":"","overlay-gradient":""}},"ast-content-background-meta":{"desktop":{"background-color":"var(--ast-global-color-5)","background-image":"","background-repeat":"repeat","background-position":"center center","background-size":"auto","background-attachment":"scroll","background-type":"","background-media":"","overlay-type":"","overlay-color":"","overlay-opacity":"","overlay-gradient":""},"tablet":{"background-color":"var(--ast-global-color-5)","background-image":"","background-repeat":"repeat","background-position":"center center","background-size":"auto","background-attachment":"scroll","background-type":"","background-media":"","overlay-type":"","overlay-color":"","overlay-opacity":"","overlay-gradient":""},"mobile":{"background-color":"var(--ast-global-color-5)","background-image":"","background-repeat":"repeat","background-position":"center center","background-size":"auto","background-attachment":"scroll","background-type":"","background-media":"","overlay-type":"","overlay-color":"","overlay-opacity":"","overlay-gradient":""}},"footnotes":""},"class_list":["post-18154","page","type-page","status-publish","has-post-thumbnail","hentry"],"acf":[],"_links":{"self":[{"href":"https:\/\/eabh.com.br\/en\/wp-json\/wp\/v2\/pages\/18154","targetHints":{"allow":["GET"]}}],"collection":[{"href":"https:\/\/eabh.com.br\/en\/wp-json\/wp\/v2\/pages"}],"about":[{"href":"https:\/\/eabh.com.br\/en\/wp-json\/wp\/v2\/types\/page"}],"author":[{"embeddable":true,"href":"https:\/\/eabh.com.br\/en\/wp-json\/wp\/v2\/users\/14"}],"replies":[{"embeddable":true,"href":"https:\/\/eabh.com.br\/en\/wp-json\/wp\/v2\/comments?post=18154"}],"version-history":[{"count":83,"href":"https:\/\/eabh.com.br\/en\/wp-json\/wp\/v2\/pages\/18154\/revisions"}],"predecessor-version":[{"id":23920,"href":"https:\/\/eabh.com.br\/en\/wp-json\/wp\/v2\/pages\/18154\/revisions\/23920"}],"wp:featuredmedia":[{"embeddable":true,"href":"https:\/\/eabh.com.br\/en\/wp-json\/wp\/v2\/media\/23266"}],"wp:attachment":[{"href":"https:\/\/eabh.com.br\/en\/wp-json\/wp\/v2\/media?parent=18154"}],"curies":[{"name":"wp","href":"https:\/\/api.w.org\/{rel}","templated":true}]}}